{"id":109,"date":"2014-01-06T10:39:36","date_gmt":"2014-01-06T08:39:36","guid":{"rendered":"http:\/\/www.naturheilpraxis-battenberg.de\/?page_id=109"},"modified":"2018-03-05T20:57:12","modified_gmt":"2018-03-05T18:57:12","slug":"ueber-mich","status":"publish","type":"page","link":"https:\/\/www.naturheilpraxis-battenberg.de\/?page_id=109","title":{"rendered":"\u00dcber mich"},"content":{"rendered":"<p><a href=\"https:\/\/www.naturheilpraxis-battenberg.de\/wp-content\/uploads\/2014\/01\/2_web.jpg\"><img loading=\"lazy\" class=\"size-medium wp-image-149 alignnone\" style=\"margin-left: 0px; margin-right: 0px;\" title=\"Heilpraktikerin Evita Czeczatka\" src=\"https:\/\/www.naturheilpraxis-battenberg.de\/wp-content\/uploads\/2014\/01\/2_web-300x200.jpg\" alt=\"Heilpraktikerin Evita Czeczatka\" width=\"300\" height=\"200\" srcset=\"https:\/\/www.naturheilpraxis-battenberg.de\/wp-content\/uploads\/2014\/01\/2_web-300x200.jpg 300w, https:\/\/www.naturheilpraxis-battenberg.de\/wp-content\/uploads\/2014\/01\/2_web-1024x683.jpg 1024w, https:\/\/www.naturheilpraxis-battenberg.de\/wp-content\/uploads\/2014\/01\/2_web-700x467.jpg 700w, https:\/\/www.naturheilpraxis-battenberg.de\/wp-content\/uploads\/2014\/01\/2_web.jpg 1950w\" sizes=\"(max-width: 300px) 100vw, 300px\" \/><\/a><\/p>\n<p>&nbsp;<\/p>\n<p><strong>Mein Werdegang zur Heilpraktikerin:<\/strong><\/p>\n<ul>\n<li>Heilpraktikergrundausbildung (Zentrum f\u00fcr Naturheilkunde, Ulm)<\/li>\n<li>Hypnosetherapie (Paracelsus Heilpraktikerschule, Ulm)<\/li>\n<li>Dorn-Methode (Medica Vita Heilpraktikerschule, G\u00fcnzburg)<\/li>\n<li>Neuraltherapie (Paracelsus Heilpraktikerschule, K\u00f6ln)<\/li>\n<li>gepr\u00fcfte Iridologin (Felke-Institut, Kloster Sch\u00f6ntal)<\/li>\n<li>Spiralstabilisation der Wirbels\u00e4ule (Dr.med. Smisek, Rehaklinik Prag)<\/li>\n<li>Dunkelfeld Vitalblutuntersuchung (D.Hauser, Oelshausen)<\/li>\n<li>Blutegeltherapie (Blutegelzucht, Biebertal)<\/li>\n<li>Erteilung Heilerlaubnis nach dem Heilpraktikergesetz<\/li>\n<\/ul>\n<p>&nbsp;<\/p>\n","protected":false},"excerpt":{"rendered":"<p>&nbsp; Mein Werdegang zur Heilpraktikerin: Heilpraktikergrundausbildung (Zentrum f\u00fcr Naturheilkunde, Ulm) Hypnosetherapie (Paracelsus Heilpraktikerschule, Ulm) Dorn-Methode (Medica Vita Heilpraktikerschule, G\u00fcnzburg) Neuraltherapie (Paracelsus Heilpraktikerschule, K\u00f6ln) gepr\u00fcfte Iridologin (Felke-Institut, Kloster Sch\u00f6ntal) Spiralstabilisation der Wirbels\u00e4ule (Dr.med. Smisek, Rehaklinik Prag) Dunkelfeld Vitalblutuntersuchung (D.Hauser, Oelshausen) Blutegeltherapie (Blutegelzucht, Biebertal) Erteilung Heilerlaubnis nach dem Heilpraktikergesetz &nbsp;<\/p>\n","protected":false},"author":1,"featured_media":0,"parent":0,"menu_order":30,"comment_status":"closed","ping_status":"closed","template":"","meta":{"ngg_post_thumbnail":0},"_links":{"self":[{"href":"https:\/\/www.naturheilpraxis-battenberg.de\/index.php?rest_route=\/wp\/v2\/pages\/109"}],"collection":[{"href":"https:\/\/www.naturheilpraxis-battenberg.de\/index.php?rest_route=\/wp\/v2\/pages"}],"about":[{"href":"https:\/\/www.naturheilpraxis-battenberg.de\/index.php?rest_route=\/wp\/v2\/types\/page"}],"author":[{"embeddable":true,"href":"https:\/\/www.naturheilpraxis-battenberg.de\/index.php?rest_route=\/wp\/v2\/users\/1"}],"replies":[{"embeddable":true,"href":"https:\/\/www.naturheilpraxis-battenberg.de\/index.php?rest_route=%2Fwp%2Fv2%2Fcomments&post=109"}],"version-history":[{"count":20,"href":"https:\/\/www.naturheilpraxis-battenberg.de\/index.php?rest_route=\/wp\/v2\/pages\/109\/revisions"}],"predecessor-version":[{"id":345,"href":"https:\/\/www.naturheilpraxis-battenberg.de\/index.php?rest_route=\/wp\/v2\/pages\/109\/revisions\/345"}],"wp:attachment":[{"href":"https:\/\/www.naturheilpraxis-battenberg.de\/index.php?rest_route=%2Fwp%2Fv2%2Fmedia&parent=109"}],"curies":[{"name":"wp","href":"https:\/\/api.w.org\/{rel}","templated":true}]}}