{"id":13,"date":"2013-04-11T12:47:00","date_gmt":"2013-04-11T10:47:00","guid":{"rendered":"http:\/\/www.heilpraktiker-battenberg.de\/?page_id=13"},"modified":"2013-12-17T21:45:07","modified_gmt":"2013-12-17T19:45:07","slug":"schmerztherapie","status":"publish","type":"page","link":"https:\/\/www.naturheilpraxis-battenberg.de\/?page_id=13","title":{"rendered":"Schmerztherapie \/ Mesotherapie"},"content":{"rendered":"<p>Das Behandlungsverfahren verbindet innovativ die Wirkung von Neuraltherapie und Akupunktur. Dabei werden Injektionen mit hom\u00f6opathischen Medikamenten in die mittlere (meso) Hautschicht injiziert.<\/p>\n<p>Eingesetzt wird die Schmerztherapie unter anderem bei:<\/p>\n<ul>\n<li>Migr\u00e4ne<\/li>\n<li>Schwindel<\/li>\n<li>chronischen Schmerzen<\/li>\n<li>Tennisarm \/ -ellbogen<\/li>\n<li>Frozen Shoulder<\/li>\n<li>Lumbago<\/li>\n<li>Narbenentst\u00f6rung<\/li>\n<li>Gesichtsneuralgien<\/li>\n<li>Sportverletzungen<\/li>\n<li>\u00dcberlastungssch\u00e4den<\/li>\n<li>R\u00fcckenschmerzen<\/li>\n<li>Sehnenentz\u00fcndungen<\/li>\n<li>Verstauchungen<\/li>\n<li>Prellungen<\/li>\n<li>Zerrungen<\/li>\n<li>Arthrose<\/li>\n<li>Durchblutungsst\u00f6rungen<\/li>\n<\/ul>\n","protected":false},"excerpt":{"rendered":"<p>Das Behandlungsverfahren verbindet innovativ die Wirkung von Neuraltherapie und Akupunktur. Dabei werden Injektionen mit hom\u00f6opathischen Medikamenten in die mittlere (meso) Hautschicht injiziert. Eingesetzt wird die Schmerztherapie unter anderem bei: Migr\u00e4ne Schwindel chronischen Schmerzen Tennisarm \/ -ellbogen Frozen Shoulder Lumbago Narbenentst\u00f6rung Gesichtsneuralgien Sportverletzungen \u00dcberlastungssch\u00e4den R\u00fcckenschmerzen Sehnenentz\u00fcndungen Verstauchungen Prellungen Zerrungen Arthrose Durchblutungsst\u00f6rungen<\/p>\n","protected":false},"author":1,"featured_media":0,"parent":7,"menu_order":30,"comment_status":"closed","ping_status":"closed","template":"","meta":{"ngg_post_thumbnail":0},"_links":{"self":[{"href":"https:\/\/www.naturheilpraxis-battenberg.de\/index.php?rest_route=\/wp\/v2\/pages\/13"}],"collection":[{"href":"https:\/\/www.naturheilpraxis-battenberg.de\/index.php?rest_route=\/wp\/v2\/pages"}],"about":[{"href":"https:\/\/www.naturheilpraxis-battenberg.de\/index.php?rest_route=\/wp\/v2\/types\/page"}],"author":[{"embeddable":true,"href":"https:\/\/www.naturheilpraxis-battenberg.de\/index.php?rest_route=\/wp\/v2\/users\/1"}],"replies":[{"embeddable":true,"href":"https:\/\/www.naturheilpraxis-battenberg.de\/index.php?rest_route=%2Fwp%2Fv2%2Fcomments&post=13"}],"version-history":[{"count":6,"href":"https:\/\/www.naturheilpraxis-battenberg.de\/index.php?rest_route=\/wp\/v2\/pages\/13\/revisions"}],"predecessor-version":[{"id":93,"href":"https:\/\/www.naturheilpraxis-battenberg.de\/index.php?rest_route=\/wp\/v2\/pages\/13\/revisions\/93"}],"up":[{"embeddable":true,"href":"https:\/\/www.naturheilpraxis-battenberg.de\/index.php?rest_route=\/wp\/v2\/pages\/7"}],"wp:attachment":[{"href":"https:\/\/www.naturheilpraxis-battenberg.de\/index.php?rest_route=%2Fwp%2Fv2%2Fmedia&parent=13"}],"curies":[{"name":"wp","href":"https:\/\/api.w.org\/{rel}","templated":true}]}}