{"id":171,"date":"2015-01-25T19:53:26","date_gmt":"2015-01-25T17:53:26","guid":{"rendered":"http:\/\/www.naturheilpraxis-battenberg.de\/?page_id=171"},"modified":"2015-01-25T20:36:57","modified_gmt":"2015-01-25T18:36:57","slug":"leberreinigung","status":"publish","type":"page","link":"https:\/\/www.naturheilpraxis-battenberg.de\/?page_id=171","title":{"rendered":"Leberreinigung"},"content":{"rendered":"<p>Unsere Leber stellt nicht nur Hormone und Enzyme her, sondern sie ist ein bedeutendes Entgiftungsorgan. Sie entgiftet und reinigt den K\u00f6rper.<br \/>\nWenn wir Nahrung, Getr\u00e4nke und Medikamente zu uns nehmen, gelangt alles durch die D\u00fcnndarmschleimhaut in die Pfortader und so mit dem Blutstrom in die Leber. Dies gilt jedoch auch f\u00fcr Giftstoffe, die wir durch die Atmung oder Haut aufnehmen.<br \/>\nToxine aus unserem Blut zu filtern und zu neutralisieren, damit die Giftstoffe durch die Nieren und den Darm ausgeschieden werden k\u00f6nnen, ist eine immerw\u00e4hrende Aufgabe der Leber.<br \/>\nH\u00e4ufig wird die Leber durch unsere Lebensweise \u00fcberlastet.<\/p>\n<p>Oft macht sich die Leberbelastung durch<\/p>\n<ul>\n<li>M\u00fcdigkeit<\/li>\n<li>hohe Cholesterinwerte<\/li>\n<li>erh\u00f6hte Infektanf\u00e4lligkeit<\/li>\n<li>und auch mit Hautjucken bemerkbar<\/li>\n<\/ul>\n<p>Zur Unterst\u00fctzung der Leberentgiftung empfiehlt es sich:<\/p>\n<ul>\n<li>Darmflora aufbauen<\/li>\n<li>Ern\u00e4hrung basisch zu gestalten<\/li>\n<li>Bitterstoffe zu sich nehmen<\/li>\n<li>Heilpflanzen wie z.B. Mariendistel, Artischocke, L\u00f6wenzahn<\/li>\n<\/ul>\n<div class=\"fb-share-button\" data-href=\"https:\/\/www.naturheilpraxis-battenberg.de\/?page_id=171\" data-layout=\"button_count\"><\/div>\n","protected":false},"excerpt":{"rendered":"<p>Unsere Leber stellt nicht nur Hormone und Enzyme her, sondern sie ist ein bedeutendes Entgiftungsorgan. Sie entgiftet und reinigt den K\u00f6rper. Wenn wir Nahrung, Getr\u00e4nke und Medikamente zu uns nehmen, gelangt alles durch die D\u00fcnndarmschleimhaut in die Pfortader und so mit dem Blutstrom in die Leber. Dies gilt jedoch auch &#8230;<\/p>\n","protected":false},"author":1,"featured_media":0,"parent":165,"menu_order":0,"comment_status":"closed","ping_status":"closed","template":"","meta":{"ngg_post_thumbnail":0},"_links":{"self":[{"href":"https:\/\/www.naturheilpraxis-battenberg.de\/index.php?rest_route=\/wp\/v2\/pages\/171"}],"collection":[{"href":"https:\/\/www.naturheilpraxis-battenberg.de\/index.php?rest_route=\/wp\/v2\/pages"}],"about":[{"href":"https:\/\/www.naturheilpraxis-battenberg.de\/index.php?rest_route=\/wp\/v2\/types\/page"}],"author":[{"embeddable":true,"href":"https:\/\/www.naturheilpraxis-battenberg.de\/index.php?rest_route=\/wp\/v2\/users\/1"}],"replies":[{"embeddable":true,"href":"https:\/\/www.naturheilpraxis-battenberg.de\/index.php?rest_route=%2Fwp%2Fv2%2Fcomments&post=171"}],"version-history":[{"count":3,"href":"https:\/\/www.naturheilpraxis-battenberg.de\/index.php?rest_route=\/wp\/v2\/pages\/171\/revisions"}],"predecessor-version":[{"id":174,"href":"https:\/\/www.naturheilpraxis-battenberg.de\/index.php?rest_route=\/wp\/v2\/pages\/171\/revisions\/174"}],"up":[{"embeddable":true,"href":"https:\/\/www.naturheilpraxis-battenberg.de\/index.php?rest_route=\/wp\/v2\/pages\/165"}],"wp:attachment":[{"href":"https:\/\/www.naturheilpraxis-battenberg.de\/index.php?rest_route=%2Fwp%2Fv2%2Fmedia&parent=171"}],"curies":[{"name":"wp","href":"https:\/\/api.w.org\/{rel}","templated":true}]}}