{"id":186,"date":"2015-02-06T16:23:41","date_gmt":"2015-02-06T14:23:41","guid":{"rendered":"http:\/\/www.naturheilpraxis-battenberg.de\/?page_id=186"},"modified":"2015-02-06T16:53:22","modified_gmt":"2015-02-06T14:53:22","slug":"erkaeltung","status":"publish","type":"page","link":"https:\/\/www.naturheilpraxis-battenberg.de\/?page_id=186","title":{"rendered":"Erk\u00e4ltung"},"content":{"rendered":"<h2>Teerezepte zur Selbstbehandlung<\/h2>\n<p>&#8222;Gegen jedes Leiden ist ein Kraut gewachsen&#8220; wird oft zitiert.<br \/>\nGegen die Beschwerden einer Erk\u00e4ltung sind sogar einige Heilpflanzen und Kr\u00e4uter gewachsen.<br \/>\nHier finden Sie einige Tee Rezepte um die Heilung und die Abwehrkr\u00e4fte zu f\u00f6rdern.<\/p>\n<h3>Bei den ersten Anzeichen einer Erk\u00e4ltung, gegen Halsschmerzen und um das Immunsystem zu st\u00e4rken:<\/h3>\n<p>1 St\u00fcck Ingwer (ca. 2 Essl\u00f6ffel voll, gerieben)<br \/>\n1\/2 Zitrone<br \/>\n2 EL Salbei<br \/>\n1 Teel\u00f6ffel Honig<br \/>\n300 ml Wasser<\/p>\n<p>Den Ingwer sch\u00e4len, klein schneiden oder reiben. Ingwer und Salbei in einen Topf geben und mit hei\u00dfem (nicht kochenden) Wasser \u00fcbergie\u00dfen. Etwa 10 Minuten ziehen lassen. Abseihen, Saft der Zitrone und den Honig dazu geben. T\u00e4glich 2-3 Tassen trinken.<\/p>\n<h3>Wirkt auswurff\u00f6rdernd und beruhigt die entz\u00fcndeten Schleimh\u00e4ute:<\/h3>\n<p>1 walnussgro\u00dfes St\u00fcck Ingwer, gesch\u00e4lt und in Streifen geschnitten<br \/>\n5 Gew\u00fcrznelken<br \/>\n1 Zimtstange<br \/>\n1 Teel\u00f6ffel Koriander Samen<br \/>\n1 Teel\u00f6ffel Honig<br \/>\nSaft einer halben Zitrone<br \/>\n250 ml Wasser<\/p>\n<p>Ingwer, Nelken, Zimtstange und Koriandersamen 15 Minuten k\u00f6cheln lassen.<br \/>\nDie Fl\u00fcssigkeit in die bereitgestellte Tasse durch ein Sieb gie\u00dfen.<br \/>\nNun den Saft der Zitrone und den Honig zugeben.<\/p>\n<h3>Schleiml\u00f6sende Pflanzen sind auch Thymian und Pfefferminze.<\/h3>\n<p>2 Teel\u00f6ffel Thymian<br \/>\n2 Teel\u00f6fel Pfefferminze<\/p>\n<p>Thymian und Pfefferminze mit ca. 300 ml hei\u00dfem Wasser aufgie\u00dfen und 6 Minuten ziehen lassen.<br \/>\nMehrmals am Tag trinken. Ich empfehle den Tee nicht am Abend zu trinken, weil durch das Abhusten die Nachtruhe gest\u00f6rt wird.<\/p>\n<h3>Wenn Rachen und Mandeln entz\u00fcndet sind, hilft Salbei:<\/h3>\n<p>2 Teel\u00f6ffel Salbeibl\u00e4tter mit 200 ml kochendem Wasser angie\u00dfen und 10 Minuten ziehen lassen.<br \/>\nAuch gut zum gurgeln geeignet, aber dann den Tee l\u00e4nger ziehen lassen.<\/p>\n<h3>Die immunst\u00e4rkende Ern\u00e4hrung bei Erk\u00e4ltungen und grippalen Infekten<\/h3>\n<h4>M\u00f6glicht viel Vitamin C aufnehmen:<\/h4>\n<p>z.B. Zitrusfr\u00fcchte, frische Paprika, Sauerkrautsaft, frisch gepresste gr\u00fcne Gem\u00fcses\u00e4fte.<\/p>\n<h4>H\u00fchnersuppe ist bei Erk\u00e4ltung und Grippe ein Klassiker:<\/h4>\n<p>Als weitere Zutaten in der Suppe empfehle ich Knoblauch, Zwiebeln und Lauch. Ihre entz\u00fcndungshemmenden Wirkstoffe wirken oft Wunder.<\/p>\n<h4>Und nicht vergessen:<\/h4>\n<p>Michprodukte, rotes Fleisch und Zucker f\u00f6rdern die Entz\u00fcndungsprozesse im K\u00f6rper. Daher sollte darauf besser verzichtet werden.<\/p>\n<div class=\"fb-share-button\" data-href=\"https:\/\/www.naturheilpraxis-battenberg.de\/?page_id=186\" data-layout=\"button_count\"><\/div>\n","protected":false},"excerpt":{"rendered":"<p>Teerezepte zur Selbstbehandlung &#8222;Gegen jedes Leiden ist ein Kraut gewachsen&#8220; wird oft zitiert. Gegen die Beschwerden einer Erk\u00e4ltung sind sogar einige Heilpflanzen und Kr\u00e4uter gewachsen. Hier finden Sie einige Tee Rezepte um die Heilung und die Abwehrkr\u00e4fte zu f\u00f6rdern. Bei den ersten Anzeichen einer Erk\u00e4ltung, gegen Halsschmerzen und um das &#8230;<\/p>\n","protected":false},"author":1,"featured_media":0,"parent":165,"menu_order":0,"comment_status":"closed","ping_status":"closed","template":"","meta":{"ngg_post_thumbnail":0},"_links":{"self":[{"href":"https:\/\/www.naturheilpraxis-battenberg.de\/index.php?rest_route=\/wp\/v2\/pages\/186"}],"collection":[{"href":"https:\/\/www.naturheilpraxis-battenberg.de\/index.php?rest_route=\/wp\/v2\/pages"}],"about":[{"href":"https:\/\/www.naturheilpraxis-battenberg.de\/index.php?rest_route=\/wp\/v2\/types\/page"}],"author":[{"embeddable":true,"href":"https:\/\/www.naturheilpraxis-battenberg.de\/index.php?rest_route=\/wp\/v2\/users\/1"}],"replies":[{"embeddable":true,"href":"https:\/\/www.naturheilpraxis-battenberg.de\/index.php?rest_route=%2Fwp%2Fv2%2Fcomments&post=186"}],"version-history":[{"count":10,"href":"https:\/\/www.naturheilpraxis-battenberg.de\/index.php?rest_route=\/wp\/v2\/pages\/186\/revisions"}],"predecessor-version":[{"id":201,"href":"https:\/\/www.naturheilpraxis-battenberg.de\/index.php?rest_route=\/wp\/v2\/pages\/186\/revisions\/201"}],"up":[{"embeddable":true,"href":"https:\/\/www.naturheilpraxis-battenberg.de\/index.php?rest_route=\/wp\/v2\/pages\/165"}],"wp:attachment":[{"href":"https:\/\/www.naturheilpraxis-battenberg.de\/index.php?rest_route=%2Fwp%2Fv2%2Fmedia&parent=186"}],"curies":[{"name":"wp","href":"https:\/\/api.w.org\/{rel}","templated":true}]}}