{"id":304,"date":"2018-03-05T19:37:36","date_gmt":"2018-03-05T17:37:36","guid":{"rendered":"http:\/\/www.naturheilpraxis-battenberg.de\/?page_id=304"},"modified":"2018-03-05T20:15:04","modified_gmt":"2018-03-05T18:15:04","slug":"blutegeltherapie","status":"publish","type":"page","link":"https:\/\/www.naturheilpraxis-battenberg.de\/?page_id=304","title":{"rendered":"Blutegeltherapie"},"content":{"rendered":"<p>Der medizinische Blutegel (Hirudo medicinalis) ist ein eleganter, schwarzgr\u00fcnfarbiger, sensibler schwimmender Helfer. Er wird nur einmal in meiner Praxis verwendet, und nur bei Terminierung bestellt. Sein Mund ist mit drei Kiefern und ca. 80 Z\u00e4hnen ausgestattet. Das Wort Egel stammt \u00fcbrigens vom griechischen Wort Echis = \u201ekleine Schlange\u201c ab.<\/p>\n<div id=\"attachment_317\" style=\"width: 710px\" class=\"wp-caption alignnone\"><img aria-describedby=\"caption-attachment-317\" loading=\"lazy\" class=\"wp-image-317 size-large\" src=\"https:\/\/www.naturheilpraxis-battenberg.de\/wp-content\/uploads\/2018\/03\/Blutegel-bei-Achillessehne-1024x766.jpg\" alt=\"Heilpraxis Battenberg-Evita Czeczatka-Bild Blutegel im Bereich Achillessehne\" width=\"700\" height=\"524\" srcset=\"https:\/\/www.naturheilpraxis-battenberg.de\/wp-content\/uploads\/2018\/03\/Blutegel-bei-Achillessehne-1024x766.jpg 1024w, https:\/\/www.naturheilpraxis-battenberg.de\/wp-content\/uploads\/2018\/03\/Blutegel-bei-Achillessehne-300x224.jpg 300w, https:\/\/www.naturheilpraxis-battenberg.de\/wp-content\/uploads\/2018\/03\/Blutegel-bei-Achillessehne-768x575.jpg 768w, https:\/\/www.naturheilpraxis-battenberg.de\/wp-content\/uploads\/2018\/03\/Blutegel-bei-Achillessehne-268x200.jpg 268w, https:\/\/www.naturheilpraxis-battenberg.de\/wp-content\/uploads\/2018\/03\/Blutegel-bei-Achillessehne-700x524.jpg 700w\" sizes=\"(max-width: 700px) 100vw, 700px\" \/><p id=\"caption-attachment-317\" class=\"wp-caption-text\">Blutegel im Bereich Achillessehne<\/p><\/div>\n<div>\n<p>&nbsp;<\/p>\n<p>In den Speicheldr\u00fcsen der Egel sind hochwirksame Substanzen:<\/p>\n<ul>\n<li>Hirudin ein blutverd\u00fcnnender Wirkstoff, der den Lymphfluss anregt, die Bildung wei\u00dfer Blutk\u00f6rperchen (Leukozyten) f\u00f6rdert und so auch eine immunst\u00e4rkende Wirkung mit sich bringt<\/li>\n<li>Calin, ebenfalls ein Blutverd\u00fcnner, sorgt f\u00fcr l\u00e4ngeres Bluten von mehr als 12 Stunden<\/li>\n<li>Hyaluronidase ist f\u00fcr die Gewebeauflockerung zust\u00e4ndig<\/li>\n<li>Egline und Bdelline wirken entz\u00fcndungshemmend und schmerzlindernd<\/li>\n<li>Der Speichel (Saliva) der Blutegel enth\u00e4lt ungef\u00e4hr 200 verschiedene Enzyme, diese einzigartige nat\u00fcrliche Wirkstoffkomposition der Substanzen macht den Blutegel zu einer biologischen Apotheke<\/li>\n<li>Der Blutegelbiss wird meist mit der Ber\u00fchrung einer Brennnessel verglichen<\/li>\n<li>Blutegel leben bis zu zwei Jahre von einer Mahlzeit!<\/li>\n<\/ul>\n<\/div>\n<div>\n<div id=\"attachment_319\" style=\"width: 290px\" class=\"wp-caption alignleft\"><img aria-describedby=\"caption-attachment-319\" loading=\"lazy\" class=\"wp-image-319\" src=\"https:\/\/www.naturheilpraxis-battenberg.de\/wp-content\/uploads\/2018\/03\/Blutegel-vorher-300x263.jpg\" alt=\"Heilpraxis-Battenberg-Blutegel vorher\" width=\"280\" height=\"245\" srcset=\"https:\/\/www.naturheilpraxis-battenberg.de\/wp-content\/uploads\/2018\/03\/Blutegel-vorher-300x263.jpg 300w, https:\/\/www.naturheilpraxis-battenberg.de\/wp-content\/uploads\/2018\/03\/Blutegel-vorher-768x672.jpg 768w, https:\/\/www.naturheilpraxis-battenberg.de\/wp-content\/uploads\/2018\/03\/Blutegel-vorher-1024x896.jpg 1024w, https:\/\/www.naturheilpraxis-battenberg.de\/wp-content\/uploads\/2018\/03\/Blutegel-vorher-700x613.jpg 700w, https:\/\/www.naturheilpraxis-battenberg.de\/wp-content\/uploads\/2018\/03\/Blutegel-vorher.jpg 2048w\" sizes=\"(max-width: 280px) 100vw, 280px\" \/><p id=\"caption-attachment-319\" class=\"wp-caption-text\">Blutegel vor der Behandlung<\/p><\/div>\n<div id=\"attachment_318\" style=\"width: 320px\" class=\"wp-caption alignright\"><img aria-describedby=\"caption-attachment-318\" loading=\"lazy\" class=\"wp-image-318\" src=\"https:\/\/www.naturheilpraxis-battenberg.de\/wp-content\/uploads\/2018\/03\/Blutegel-nachher-219x300.jpg\" alt=\"Heilpraxis-Battenberg-Blutegel nachher\" width=\"310\" height=\"424\" srcset=\"https:\/\/www.naturheilpraxis-battenberg.de\/wp-content\/uploads\/2018\/03\/Blutegel-nachher-219x300.jpg 219w, https:\/\/www.naturheilpraxis-battenberg.de\/wp-content\/uploads\/2018\/03\/Blutegel-nachher-768x1050.jpg 768w, https:\/\/www.naturheilpraxis-battenberg.de\/wp-content\/uploads\/2018\/03\/Blutegel-nachher-749x1024.jpg 749w, https:\/\/www.naturheilpraxis-battenberg.de\/wp-content\/uploads\/2018\/03\/Blutegel-nachher-700x957.jpg 700w\" sizes=\"(max-width: 310px) 100vw, 310px\" \/><p id=\"caption-attachment-318\" class=\"wp-caption-text\">Blutegel nach der Behandlung<\/p><\/div>\n<\/div>\n<p>&nbsp;<\/p>\n<p>&nbsp;<\/p>\n<p>&nbsp;<\/p>\n<p>&nbsp;<\/p>\n<p>&nbsp;<\/p>\n<p>&nbsp;<\/p>\n<p>&nbsp;<\/p>\n<p>&nbsp;<\/p>\n<p>Blutegel werden (unter anderem) eingesetzt bei:<\/p>\n<ul>\n<li>Arthrose (z.B. Knie, Schulter, Handgelenke, Sprunggelenke, Fingergelenke, Zehengelenke usw.)<\/li>\n<li>Sehnenscheidenentz\u00fcndungen (Tennis-, Golferarm)<\/li>\n<li>Arthritis<\/li>\n<li>Rheuma<\/li>\n<li>Varikosis (Krampfadern)<\/li>\n<li>Tinnitus<\/li>\n<li>Thrombosen<\/li>\n<li>Arthrose<\/li>\n<li>Furunkeln und Karbunkeln<\/li>\n<li>Wirbels\u00e4ulenbeschwerden<\/li>\n<li>Phlebitis<\/li>\n<li>Hypertonie<\/li>\n<li>Ulcus cruris<\/li>\n<li>Thrombophlebitis<\/li>\n<li>und vielem mehr&#8230;<\/li>\n<\/ul>\n<h2>Behandlungsablauf<\/h2>\n<p>Die Blutegel werden von mir zeitgerecht, vor der terminierten Behandlung bei der <a href=\"http:\/\/www.blutegel.de\/\">Biebertaler Blutegelzucht<\/a> in der N\u00e4he von Gie\u00dfen bestellt. Je nach zu behandelnder Indikation in der erforderlichen St\u00fcckzahl.<br \/>\nAm Behandlungstag und am Folgetag sollte man jegliche Anstrengungen vermeiden. Cremes, Salben und \u00d6le bitte erst wieder aufgetragen, wenn die Bissstellen v\u00f6llig verheilt sind.<br \/>\nBitte einen Tag vor der Behandlung keine Salben, Duschgel, Parfum oder Duftstoffe in der N\u00e4he des Behandlungsbereiches verwenden!<br \/>\nNicht vor der Behandlung Rauchen. Essen Sie kein Knoblauch oder andere stark gew\u00fcrzte Speisen am Tag vorher.<br \/>\nDer Egel ist sehr sensibel und er k\u00f6nnte seine Arbeit (Biss) verweigern.<br \/>\nBequeme Kleidung ist ratsam. Die Behandlung wird im Sitzen oder Liegen durchgef\u00fchrt.<br \/>\nBeim Zubei\u00dfen des Blutegels sp\u00fcrt man einen leichten Schmerz wie von einer Brennnessel, der aber mit der Zeit schwindet.<br \/>\nDie Blutegel werden an die betroffenen Stellen eingesetzt und arbeiten (saugen Blut) ca. 60 bis 90 Minuten. Die Blutegel lassen in der Regel von alleine los und werden in einem Egelglas gesammelt. Danach werden die Bissstellen steril verbunden.<br \/>\nDa man 12 bis 24 Stunden nachblutet, erh\u00e4lt der Patient nat\u00fcrlich noch Verbandsmaterial zur h\u00e4uslichen Nachbehandlung.<br \/>\nDas Nachbluten ist erw\u00fcnscht und Bestandteil der Blutegeltherapie.<\/p>\n<h2>Nebenwirkungen<\/h2>\n<p>Starke Nebenwirkungen wurden bisher noch nicht dokumentiert. Nachbluten, H\u00e4matome (Bluterg\u00fcsse), Juckreiz, Schwellungen &#8211; um die Bissstellen herum, geh\u00f6ren zum Heilungsverlauf dazu. Nur selten bleibt eine kleine Narbe zur\u00fcck.<\/p>\n<p>Kontraindikationen, die eine Blutegeltherapie ausschlie\u00dfen:<\/p>\n<ul>\n<li>Einnahme von Blutverd\u00fcnnern z.B Marcumar, Falithrom<\/li>\n<li>H\u00e4mophilie (Bluter), Thrombozytopenie<\/li>\n<li>Akute Magengeschw\u00fcre, akute Darmgeschw\u00fcre<\/li>\n<li>An\u00e4mie (Blutarmut)<\/li>\n<li>Aids, Chemotherapie, Infektionskrankheiten<\/li>\n<li>Dialyse<\/li>\n<li>Bekannte Allergien gegen Blutegel-Inhaltsstoffe<\/li>\n<li>Neigung zu \u00fcberschie\u00dfender Narbenbildung (Keloidbildung)<\/li>\n<li>Schwangerschaft<\/li>\n<\/ul>\n","protected":false},"excerpt":{"rendered":"<p>Der medizinische Blutegel (Hirudo medicinalis) ist ein eleganter, schwarzgr\u00fcnfarbiger, sensibler schwimmender Helfer. Er wird nur einmal in meiner Praxis verwendet, und nur bei Terminierung bestellt. Sein Mund ist mit drei Kiefern und ca. 80 Z\u00e4hnen ausgestattet. Das Wort Egel stammt \u00fcbrigens vom griechischen Wort Echis = \u201ekleine Schlange\u201c ab. &nbsp; &#8230;<\/p>\n","protected":false},"author":1,"featured_media":0,"parent":7,"menu_order":80,"comment_status":"closed","ping_status":"closed","template":"","meta":{"ngg_post_thumbnail":0},"_links":{"self":[{"href":"https:\/\/www.naturheilpraxis-battenberg.de\/index.php?rest_route=\/wp\/v2\/pages\/304"}],"collection":[{"href":"https:\/\/www.naturheilpraxis-battenberg.de\/index.php?rest_route=\/wp\/v2\/pages"}],"about":[{"href":"https:\/\/www.naturheilpraxis-battenberg.de\/index.php?rest_route=\/wp\/v2\/types\/page"}],"author":[{"embeddable":true,"href":"https:\/\/www.naturheilpraxis-battenberg.de\/index.php?rest_route=\/wp\/v2\/users\/1"}],"replies":[{"embeddable":true,"href":"https:\/\/www.naturheilpraxis-battenberg.de\/index.php?rest_route=%2Fwp%2Fv2%2Fcomments&post=304"}],"version-history":[{"count":18,"href":"https:\/\/www.naturheilpraxis-battenberg.de\/index.php?rest_route=\/wp\/v2\/pages\/304\/revisions"}],"predecessor-version":[{"id":332,"href":"https:\/\/www.naturheilpraxis-battenberg.de\/index.php?rest_route=\/wp\/v2\/pages\/304\/revisions\/332"}],"up":[{"embeddable":true,"href":"https:\/\/www.naturheilpraxis-battenberg.de\/index.php?rest_route=\/wp\/v2\/pages\/7"}],"wp:attachment":[{"href":"https:\/\/www.naturheilpraxis-battenberg.de\/index.php?rest_route=%2Fwp%2Fv2%2Fmedia&parent=304"}],"curies":[{"name":"wp","href":"https:\/\/api.w.org\/{rel}","templated":true}]}}