{"id":88,"date":"2013-12-17T21:38:43","date_gmt":"2013-12-17T19:38:43","guid":{"rendered":"http:\/\/www.naturheilpraxis-battenberg.de\/?page_id=88"},"modified":"2013-12-17T21:50:44","modified_gmt":"2013-12-17T19:50:44","slug":"irisdiagnose","status":"publish","type":"page","link":"https:\/\/www.naturheilpraxis-battenberg.de\/?page_id=88","title":{"rendered":"Irisdiagnose"},"content":{"rendered":"<p>In der Iris (Regenbogenhaut) sieht man eine Widerspiegelung des K\u00f6rpers mit all seinen Organen, die sich in einer systematischen Ordnung darstellen. Die Irisdiagnose gew\u00e4hrt einen tiefen Einblick in die normalerweise verborgenen Bereiche der individuellen Erbanlagen. Sie zeigt die anlagebedingten Schw\u00e4chen eines Menschen, seine genetisch gepr\u00e4gten und famili\u00e4ren Krankheitsneigungen. Aus diesen Hinweisen k\u00f6nnen dann weiterf\u00fchrende diagnostische Schritte und\/oder therapeutische M\u00f6glichkeiten abgeleitet werden.<\/p>\n<p><a href=\"https:\/\/www.naturheilpraxis-battenberg.de\/wp-content\/uploads\/2013\/12\/Heilpraxis-Battenberg-Iridologie.jpg\"><img loading=\"lazy\" class=\"size-medium wp-image-94 aligncenter\" alt=\"Heilpraxis Battenberg - Iridologie\" src=\"https:\/\/www.naturheilpraxis-battenberg.de\/wp-content\/uploads\/2013\/12\/Heilpraxis-Battenberg-Iridologie-300x217.jpg\" width=\"300\" height=\"217\" \/><\/a>Die Betrachtung der Iris l\u00e4sst direkte und indirekte R\u00fcckschl\u00fcsse auf folgende Systeme des Menschen zu:<\/p>\n<ul>\n<li>Konstitution<\/li>\n<li>Bindegewebe<\/li>\n<li>Nervensystem<\/li>\n<li>Stoffwechselsituation<\/li>\n<li>Funktionsweise verschiedener Organe<\/li>\n<li>Immunsystem<\/li>\n<li>Reizsituationen<\/li>\n<\/ul>\n","protected":false},"excerpt":{"rendered":"<p>In der Iris (Regenbogenhaut) sieht man eine Widerspiegelung des K\u00f6rpers mit all seinen Organen, die sich in einer systematischen Ordnung darstellen. Die Irisdiagnose gew\u00e4hrt einen tiefen Einblick in die normalerweise verborgenen Bereiche der individuellen Erbanlagen. Sie zeigt die anlagebedingten Schw\u00e4chen eines Menschen, seine genetisch gepr\u00e4gten und famili\u00e4ren Krankheitsneigungen. Aus diesen &#8230;<\/p>\n","protected":false},"author":1,"featured_media":0,"parent":0,"menu_order":10,"comment_status":"closed","ping_status":"closed","template":"","meta":{"ngg_post_thumbnail":0},"_links":{"self":[{"href":"https:\/\/www.naturheilpraxis-battenberg.de\/index.php?rest_route=\/wp\/v2\/pages\/88"}],"collection":[{"href":"https:\/\/www.naturheilpraxis-battenberg.de\/index.php?rest_route=\/wp\/v2\/pages"}],"about":[{"href":"https:\/\/www.naturheilpraxis-battenberg.de\/index.php?rest_route=\/wp\/v2\/types\/page"}],"author":[{"embeddable":true,"href":"https:\/\/www.naturheilpraxis-battenberg.de\/index.php?rest_route=\/wp\/v2\/users\/1"}],"replies":[{"embeddable":true,"href":"https:\/\/www.naturheilpraxis-battenberg.de\/index.php?rest_route=%2Fwp%2Fv2%2Fcomments&post=88"}],"version-history":[{"count":5,"href":"https:\/\/www.naturheilpraxis-battenberg.de\/index.php?rest_route=\/wp\/v2\/pages\/88\/revisions"}],"predecessor-version":[{"id":96,"href":"https:\/\/www.naturheilpraxis-battenberg.de\/index.php?rest_route=\/wp\/v2\/pages\/88\/revisions\/96"}],"wp:attachment":[{"href":"https:\/\/www.naturheilpraxis-battenberg.de\/index.php?rest_route=%2Fwp%2Fv2%2Fmedia&parent=88"}],"curies":[{"name":"wp","href":"https:\/\/api.w.org\/{rel}","templated":true}]}}